{"id":2845,"date":"2019-07-30T13:18:31","date_gmt":"2019-07-30T13:18:31","guid":{"rendered":"https:\/\/villalaguardiavecchia.it\/?page_id=2845"},"modified":"2019-11-07T21:37:34","modified_gmt":"2019-11-07T21:37:34","slug":"privacy-and-cookies-policy","status":"publish","type":"page","link":"https:\/\/villalaguardiavecchia.it\/en\/privacy-and-cookies-policy\/","title":{"rendered":"Privacy and Cookies Policy"},"content":{"rendered":"<h3 class=\"wp-block-heading\">Privacy Policy<\/h3>\n\n\n\n<hr class=\"wp-block-separator\"\/>\n\n\n\n<p>In questa pagina si descrivono le modalit\u00e0 di gestione del sito in \nriferimento al trattamento dei dati personali degli utenti che lo \nconsultano. Si tratta di un\u2019informativa che \u00e8 resa anche ai sensi \ndell\u2019art. 13 del d.lgs. n. 196\/2003 \u2013 Codice in materia di protezione \ndei dati personali a coloro che interagiscono con i servizi web \naccessibili per via telematica a partire dall\u2019indirizzo:<\/p>\n\n\n\n<h4 class=\"wp-block-heading\">www.villalaguardiavecchia.it<\/h4>\n\n\n\n<p>L\u2019informativa \u00e8 resa solo per il sito indicato e non anche per altri siti web eventualmente consultati dall\u2019utente tramite link.<\/p>\n\n\n\n<h4 class=\"wp-block-heading\">Il \u201cTitolare\u201d del trattamento<\/h4>\n\n\n\n<p>A seguito della consultazione di questo sito possono essere trattati dati relativi a persone identificate o identificabili.<\/p>\n\n\n\n<p>Il \u201ctitolare\u201d del loro trattamento \u00e8 Gaetano D&#8217;alesio &#8211; Via San Rocco 11 \u2013 Crespina, Pisa<\/p>\n\n\n\n<p>Nessun dato derivante dal servizio web viene comunicato o diffuso, \ntranne nei casi in cui l\u2019interessato abbia fornito il relativo consenso \nsusseguente alla relative informative<\/p>\n\n\n\n<h4 class=\"wp-block-heading\">Dati di navigazione<\/h4>\n\n\n\n<p>I sistemi informatici e le procedure software preposte al \nfunzionamento di questo sito web acquisiscono, nel corso del loro \nnormale esercizio, alcuni dati personali la cui trasmissione \u00e8 implicita\n nell\u2019uso dei protocolli di comunicazione di Internet.<\/p>\n\n\n\n<p>Si tratta di informazioni che non sono raccolte per essere associate a\n interessati identificati, ma che per loro stessa natura potrebbero, \nattraverso elaborazioni ed associazioni con dati detenuti da terzi, \npermettere di identificare gli utenti.<\/p>\n\n\n\n<p>In questa categoria di dati rientrano gli indirizzi IP o i nomi a \ndominio dei computer utilizzati dagli utenti che si connettono al sito, \ngli indirizzi in notazione URI (Uniform Resource Identifier) delle \nrisorse richieste, l\u2019orario della richiesta, il metodo utilizzato nel \nsottoporre la richiesta al server, la dimensione del file ottenuto in \nrisposta, il codice numerico indicante lo stato della risposta data dal \nserver (buon fine, errore, ecc.) ed altri parametri relativi al sistema \noperativo e all\u2019ambiente informatico dell\u2019utente.<\/p>\n\n\n\n<p>Questi dati vengono utilizzati al solo fine di ricavare informazioni \nstatistiche anonime sull\u2019uso del sito e per controllarne il corretto \nfunzionamento.<\/p>\n\n\n\n<h3 class=\"wp-block-heading\">Dati forniti volontariamente dall\u2019utente<\/h3>\n\n\n\n<p>L\u2019invio facoltativo, esplicito e volontario di posta elettronica agli\n indirizzi indicati su questo sito comporta la successiva acquisizione \ndell\u2019indirizzo del mittente, necessario per rispondere alle richieste, \nnonch\u00e9 degli eventuali altri dati personali inseriti nella missiva. \nSpecifiche informative di sintesi verranno progressivamente riportate o \nvisualizzate nelle pagine del sito predisposte per particolari servizi a\n richiesta.<\/p>\n\n\n\n<h3 class=\"wp-block-heading\">Cookies<\/h3>\n\n\n\n<hr class=\"wp-block-separator\"\/>\n\n\n\n<p>In base alle caratteristiche e all\u2019utilizzo dei cookie possiamo distinguere diverse categorie:<\/p>\n\n\n\n<p>Cookie strettamente necessari. Si tratta di cookie indispensabili per\n il corretto funzionamento del sito e sono utilizzati per gestire il \nlogin e l\u2019accesso alle funzioni riservate del sito. La durata dei cookie\n \u00e8 strettamente limitata alla sessione di lavoro (chiuso il browser \nvengono cancellati). La parte pubblica del sito resta normalmente \nutilizzabile.<\/p>\n\n\n\n<p>Cookie di analisi e prestazioni. Sono cookie utilizzati per \nraccogliere e analizzare il traffico e l\u2019utilizzo del sito in modo \nanonimo. Questi cookie, pur senza identificare l\u2019utente, consentono, per\n esempio, di rilevare se il medesimo utente torna a collegarsi in \nmomenti diversi. Permettono inoltre di monitorare il sistema e \nmigliorarne le prestazioni e l\u2019usabilit\u00e0. La disattivazione di tali \ncookie pu\u00f2 essere eseguita senza alcuna perdita di funzionalit\u00e0.<\/p>\n\n\n\n<p>Cookie di profilazione. Si tratta di cookie permanenti utilizzati per  identificare (in modo anonimo e non) le preferenze dell\u2019utente e  migliorare la sua esperienza di navigazione. Il sito villalaguardiavecchia.it utilizza cookie di questo tipo.<\/p>\n\n\n\n<p>Nessun cookie di profilazione degli utenti viene in proposito acquisito da questo sito.<\/p>\n\n\n\n<p>Non viene fatto uso di cookies per la trasmissione di informazioni di carattere personale.<\/p>\n\n\n\n<p>Il sito fa uso sia di cookie tecnici, sia di dominio sia di sessione.\n I cookie di sessione hanno lo scopo di trasmettere identificativi \ncostituiti da numeri casuali generati dal server, necessari per \nconsentire l\u2019esplorazione sicura ed efficiente del sito. I cookie di \nsessione svaniscono con la chiusura del browser ed i relativi dati \nassociati vengono cancellati dal sistema.<\/p>\n\n\n\n<p>I cookie di dominio vengono utilizzati:<\/p>\n\n\n\n<p>\u2013 per riconoscere l\u2019utente registrato al suo ritorno sul sito, senza che questi debba rieffettuare il login ad ogni visita;<\/p>\n\n\n\n<p>\u2013 Per svolgere analisi statistiche di tipo anonimo sulle visite alle pagine contenenti articoli.<\/p>\n\n\n\n<p>I c.d. cookies utilizzati in questo sito evitano il ricorso ad altre \ntecniche informatiche potenzialmente pregiudizievoli per la riservatezza\n della navigazione degli utenti e non consentono l\u2019acquisizione di dati \npersonali identificativi dell\u2019utente.<\/p>\n\n\n\n<p>Il sito rilascia altri cookies legati a preferenze dell\u2019utente \nrelativamente alle modalit\u00e0 di visualizzazione dei contenuti, come ad \nesempio ampiezza del font (funzionalit\u00e0 javascript client side). Questa \ncategoria di cookies \u00e8 anonima e la loro conservazione avviene per un \nanno, allo scopo di assicurare la migliore usabilit\u00e0 del sito.<\/p>\n\n\n\n<p>Il sito impiega sistemi per il monitoraggio anonimo delle visite al  sito ( Google Analytics ) che causano il rilascio di cookie. Inoltre, il  sito distribuisce mediante varie tecniche contenuti provenienti da siti  terze parti che potrebbero causare il rilascio di cookie.  villalaguardiavecchia.it non ha il controllo di tali cookies, della loro durata e  delle informazioni in essi gestite. Si rimanda alle relative privacy  policy.<\/p>\n\n\n\n<p>link: http:\/\/www.google.com\/intl\/it_ALL\/analytics\/learn\/privacy.html<\/p>\n\n\n\n<h3 class=\"wp-block-heading\">Come posso disattivare i cookie?<\/h3>\n\n\n\n<p>Le modalit\u00e0 di funzionamento nonch\u00e9 le opzioni per limitare o \nbloccare i cookie, possono essere effettuate modificando le impostazioni\n del proprio browser Internet.<\/p>\n\n\n\n<p>\u00c8 possibile inoltre visitare il sito, in lingua inglese, \nwww.aboutcookies.org per informazioni su come poter gestire\/eliminare i \ncookie in base al tipo di browser utilizzato.<\/p>\n\n\n\n<p>Per eliminare i cookie dal browser Internet del proprio \nsmartphone\/tablet, \u00e8 necessario fare riferimento al manuale d\u2019uso del \ndispositivo.<\/p>\n\n\n\n<h3 class=\"wp-block-heading\">Elenco dei cookie di terze parti presenti su www.villalaguardiavecchia.it<\/h3>\n\n\n\n<p>La lista seguente riporta i cookie di terze parti presenti sul sito  villalaguardiavecchia.it ed i rispettivi utilizzi. Questi cookie ricadono  sotto la diretta ed esclusiva responsabilit\u00e0 dello stesso gestore.<\/p>\n\n\n\n<p>Google Analytics: raccogliere e analizzare informazioni statistiche sugli accessi\/le visite al sito web.<\/p>\n\n\n\n<p>Facebook,&nbsp;Twitter,&nbsp;Google+,&nbsp;AddThis!: consentire agli utenti di \ncondividere i contenuti all\u2019interno delle rispettive piattaforme.<\/p>\n\n\n\n<h3 class=\"wp-block-heading\">Facoltativit\u00e0 del conferimento dei dati<\/h3>\n\n\n\n<p>A parte quanto specificato per i dati di navigazione, l\u2019utente \u00e8 \nlibero di fornire i dati personali riportati nei moduli di richiesta o \ncomunque indicati in contatti per sollecitare l\u2019invio di materiale \ninformativo o di altre comunicazioni. In particolare l\u2019utilizzo dei dati\n volontariamente forniti dal visitatore in tutte le pagine in cui siano \npresenti dei moduli di raccolta di dati (ed in particolare di indirizzi \ndi posta elettronica) avverr\u00e0, per l\u2019invio di comunicazioni commerciali \ne\/o di marketing, solo qualora l\u2019interessato abbia fornito un libero ed \nespresso consenso, che in ogni caso non esclude la possibilit\u00e0 di \nutilizzare comunque i servizi principali che vengono richiesti.<\/p>\n\n\n\n<p>Il mancato conferimento dei dati personali potr\u00e0 comportare \nl\u2019impossibilit\u00e0, per l\u2019utente, di ottenere quanto richiesto; il mancato \nconsenso al relativo trattamento per finalit\u00e0 di marketing, invece, non \nprecluder\u00e0 all\u2019utente la possibilit\u00e0 di usufruire dei servizi richiesti.<\/p>\n\n\n\n<p>Ove l\u2019utente abbia manifestato il proprio consenso al trattamento per\n finalit\u00e0 di marketing, le comunicazioni commerciali verranno inviate a \nmezzo e\u2013mail.<\/p>\n\n\n\n<h3 class=\"wp-block-heading\">Modalit\u00e0 del trattamento<\/h3>\n\n\n\n<hr class=\"wp-block-separator\"\/>\n\n\n\n<p>I dati personali sono trattati con strumenti automatizzati per il \ntempo strettamente necessario a conseguire gli scopi per cui sono stati \nraccolti. Qualora tali scopi richiedano l\u2019adempimento di obblighi \ncontabili, amministrativi o fiscali i dati relativi saranno conservati \nper le durate stabilite dal Codice Civile e\/o dalle altre normative in \nvigore.<\/p>\n\n\n\n<h3 class=\"wp-block-heading\">Diritti degli interessati<\/h3>\n\n\n\n<p>I soggetti cui si riferiscono i dati personali hanno il diritto in \nqualunque momento di ottenere la conferma dell\u2019esistenza o meno dei \nmedesimi dati e di conoscerne il contenuto e l\u2019origine, verificarne \nl\u2019esattezza o chiederne l\u2019integrazione o l\u2019aggiornamento, oppure la \nrettificazione (art. 7 del d.lgs. n. 196\/2003).<\/p>\n\n\n\n<p>Ai sensi del medesimo articolo si ha il diritto di chiedere la \ncancellazione, la trasformazione in forma anonima o il blocco dei dati \ntrattati in violazione di legge, nonch\u00e9 di opporsi in ogni caso, per \nmotivi legittimi, al loro trattamento.<\/p>\n\n\n\n<p>Le richieste vanno rivolte al titolare del trattamento inviando una  e-mail alla casella info@villalaguardiavecchia.it \u00a0 o inviando una richiesta a  mezzo postale a:<\/p>\n\n\n\n<p>Via San Rocco 11 \u2013 Crespina, Pisa \u2013 Italia<\/p>\n\n\n\n<p>Consenso all\u2019uso dei dati forniti con i moduli di contatto<\/p>\n\n\n\n<hr class=\"wp-block-separator\"\/>\n\n\n\n<h4 class=\"wp-block-heading\">Privacy<\/h4>\n\n\n\n<p>Informativa art.13 D.Lgs.196\/2003<\/p>\n\n\n\n<p>Gentile Utente,<br>\ndesideriamo informarLa che il D.Lgs 196\/2003 prevede la tutela delle \npersone e di altri soggetti rispetto al trattamento dei dati personali.<br>\nSecondo la disciplina normativa, tale trattamento si svolger\u00e0 nel \nrispetto dei diritti e delle libert\u00e0 fondamentali, nonch\u00e9 della dignit\u00e0 \ndell\u2019interessato, con particolare riferimento alla riservatezza, \nall\u2019identit\u00e0 personale e al diritto alla protezione dei dati personali.<\/p>\n\n\n\n<p>Ai sensi dell\u2019articolo 13 della normativa predetta, Le forniamo quindi le seguenti informazioni.<\/p>\n\n\n\n<p>Il trattamento che intendiamo effettuare:<\/p>\n\n\n\n<ul><li>ha le finalit\u00e0 di gestione della registrazione al servizio informazioni da GSM e eventuale comunicazioni commerciali;<\/li><li>sar\u00e0 effettuato con le seguenti modalit\u00e0: informatizzato e manuale;<\/li><li>i dati non saranno comunicati, ad altri soggetti esterni al titolare\n del trattamento, se non chiedendoLe espressamente il consenso;<\/li><li>il dato indirizzo email sar\u00e0 utilizzato come mezzo di invio di materiale promozionale e inviti ad eventi organizzati&nbsp;da GSM.<\/li><\/ul>\n\n\n\n<p>La informiamo che il conferimento dei dati \u00e8 obbligatorio per poter \ngarantire la registrazione al servizio. Il conferimento parziale o la \nnegazione del consenso al trattamento potrebbe comportare \nl\u2019impossibilit\u00e0 di fornire il servizio richiesto.<\/p>\n\n\n\n<p>Il titolare del trattamento \u00e8: GAETANO D&#8217;ALESIO Via San Rocco 11 \u2013 Crespina, Pisa.<br> Il Responsabile del trattamento dei dati \u00e8GAETANO D&#8217;ALESIO Via San Rocco 11 \u2013 Crespina, Pisa .\u00a0 Al titolare del trattamento Lei potr\u00e0 rivolgersi per  far valere i Suoi diritti cos\u00ec come previsti dall\u2019articolo 7 del D.Lgs  196\/2003, inviando una mail a :<\/p>\n\n\n\n<p>info@villalaguardiavecchia.it \u00a0<\/p>\n\n\n\n<p>Consenso dell\u2019interessato al trattamento di propri dati personali comuni e sensibili.<br>\nIl sottoscritto interessato, con l\u2019invio dei dati del form, attesta il \nproprio libero consenso affinch\u00e9 il titolare, proceda ai trattamenti di \npropri dati personali come risultanti dalla presente scheda informativa.<\/p>","protected":false},"excerpt":{"rendered":"<p>Privacy Policy In questa pagina si descrivono le modalit\u00e0 di gestione del sito in riferimento al trattamento dei dati personali degli utenti che lo consultano. Si tratta di un\u2019informativa che \u00e8 resa anche ai sensi dell\u2019art. 13 del d.lgs. n. 196\/2003 \u2013 Codice in materia di protezione dei dati personali a coloro che interagiscono con[&#8230;] <a href=\"https:\/\/villalaguardiavecchia.it\/en\/privacy-and-cookies-policy\/\" class=\"more-link\">Continue reading<\/a><\/p>\n","protected":false},"author":1,"featured_media":0,"parent":0,"menu_order":0,"comment_status":"closed","ping_status":"closed","template":"","meta":{"footnotes":""},"yoast_head":"<!-- This site is optimized with the Yoast SEO plugin v17.2 - https:\/\/yoast.com\/wordpress\/plugins\/seo\/ -->\n<title>Privacy and Cookies Policy<\/title>\n<meta name=\"robots\" content=\"index, follow, max-snippet:-1, max-image-preview:large, max-video-preview:-1\" \/>\n<link rel=\"canonical\" href=\"https:\/\/villalaguardiavecchia.it\/en\/privacy-and-cookies-policy\/\" \/>\n<meta property=\"og:locale\" content=\"en_GB\" \/>\n<meta property=\"og:locale:alternate\" content=\"it_IT\" \/>\n<meta property=\"og:type\" content=\"article\" \/>\n<meta property=\"og:title\" content=\"Privacy and Cookies Policy\" \/>\n<meta property=\"og:description\" content=\"Privacy Policy In questa pagina si descrivono le modalit\u00e0 di gestione del sito in riferimento al trattamento dei dati personali degli utenti che lo consultano. Si tratta di un\u2019informativa che \u00e8 resa anche ai sensi dell\u2019art. 13 del d.lgs. n. 196\/2003 \u2013 Codice in materia di protezione dei dati personali a coloro che interagiscono con[...] Continue reading\" \/>\n<meta property=\"og:url\" content=\"https:\/\/villalaguardiavecchia.it\/en\/privacy-and-cookies-policy\/\" \/>\n<meta property=\"og:site_name\" content=\"La Guardia Vecchia\" \/>\n<meta property=\"article:modified_time\" content=\"2019-11-07T21:37:34+00:00\" \/>\n<meta name=\"twitter:card\" content=\"summary_large_image\" \/>\n<meta name=\"twitter:label1\" content=\"Estimated reading time\" \/>\n\t<meta name=\"twitter:data1\" content=\"8 minutes\" \/>\n<script type=\"application\/ld+json\" class=\"yoast-schema-graph\">{\"@context\":\"https:\/\/schema.org\",\"@graph\":[{\"@type\":\"WebSite\",\"@id\":\"https:\/\/villalaguardiavecchia.it\/#website\",\"url\":\"https:\/\/villalaguardiavecchia.it\/\",\"name\":\"La Guardia Vecchia\",\"description\":\"My WordPress Blog\",\"potentialAction\":[{\"@type\":\"SearchAction\",\"target\":{\"@type\":\"EntryPoint\",\"urlTemplate\":\"https:\/\/villalaguardiavecchia.it\/?s={search_term_string}\"},\"query-input\":\"required name=search_term_string\"}],\"inLanguage\":\"en-GB\"},{\"@type\":\"WebPage\",\"@id\":\"https:\/\/villalaguardiavecchia.it\/en\/privacy-and-cookies-policy\/#webpage\",\"url\":\"https:\/\/villalaguardiavecchia.it\/en\/privacy-and-cookies-policy\/\",\"name\":\"[:it]Privacy and Cookies Policy[:] - La Guardia Vecchia\",\"isPartOf\":{\"@id\":\"https:\/\/villalaguardiavecchia.it\/#website\"},\"datePublished\":\"2019-07-30T13:18:31+00:00\",\"dateModified\":\"2019-11-07T21:37:34+00:00\",\"breadcrumb\":{\"@id\":\"https:\/\/villalaguardiavecchia.it\/en\/privacy-and-cookies-policy\/#breadcrumb\"},\"inLanguage\":\"en-GB\",\"potentialAction\":[{\"@type\":\"ReadAction\",\"target\":[\"https:\/\/villalaguardiavecchia.it\/en\/privacy-and-cookies-policy\/\"]}]},{\"@type\":\"BreadcrumbList\",\"@id\":\"https:\/\/villalaguardiavecchia.it\/en\/privacy-and-cookies-policy\/#breadcrumb\",\"itemListElement\":[{\"@type\":\"ListItem\",\"position\":1,\"name\":\"Home\",\"item\":\"https:\/\/villalaguardiavecchia.it\/\"},{\"@type\":\"ListItem\",\"position\":2,\"name\":\"Privacy and Cookies Policy\"}]}]}<\/script>\n<!-- \/ Yoast SEO plugin. -->","yoast_head_json":{"title":"Privacy and Cookies Policy","robots":{"index":"index","follow":"follow","max-snippet":"max-snippet:-1","max-image-preview":"max-image-preview:large","max-video-preview":"max-video-preview:-1"},"canonical":"https:\/\/villalaguardiavecchia.it\/en\/privacy-and-cookies-policy\/","og_locale":"en_GB","og_type":"article","og_title":"[:it]Privacy and Cookies Policy[:] - La Guardia Vecchia","og_description":"Privacy Policy In questa pagina si descrivono le modalit\u00e0 di gestione del sito in riferimento al trattamento dei dati personali degli utenti che lo consultano. Si tratta di un\u2019informativa che \u00e8 resa anche ai sensi dell\u2019art. 13 del d.lgs. n. 196\/2003 \u2013 Codice in materia di protezione dei dati personali a coloro che interagiscono con[...] Continue reading","og_url":"https:\/\/villalaguardiavecchia.it\/en\/privacy-and-cookies-policy\/","og_site_name":"La Guardia Vecchia","article_modified_time":"2019-11-07T21:37:34+00:00","twitter_card":"summary_large_image","twitter_misc":{"Estimated reading time":"8 minutes"},"schema":{"@context":"https:\/\/schema.org","@graph":[{"@type":"WebSite","@id":"https:\/\/villalaguardiavecchia.it\/#website","url":"https:\/\/villalaguardiavecchia.it\/","name":"La Guardia Vecchia","description":"My WordPress Blog","potentialAction":[{"@type":"SearchAction","target":{"@type":"EntryPoint","urlTemplate":"https:\/\/villalaguardiavecchia.it\/?s={search_term_string}"},"query-input":"required name=search_term_string"}],"inLanguage":"en-GB"},{"@type":"WebPage","@id":"https:\/\/villalaguardiavecchia.it\/en\/privacy-and-cookies-policy\/#webpage","url":"https:\/\/villalaguardiavecchia.it\/en\/privacy-and-cookies-policy\/","name":"[:it]Privacy and Cookies Policy[:] - La Guardia Vecchia","isPartOf":{"@id":"https:\/\/villalaguardiavecchia.it\/#website"},"datePublished":"2019-07-30T13:18:31+00:00","dateModified":"2019-11-07T21:37:34+00:00","breadcrumb":{"@id":"https:\/\/villalaguardiavecchia.it\/en\/privacy-and-cookies-policy\/#breadcrumb"},"inLanguage":"en-GB","potentialAction":[{"@type":"ReadAction","target":["https:\/\/villalaguardiavecchia.it\/en\/privacy-and-cookies-policy\/"]}]},{"@type":"BreadcrumbList","@id":"https:\/\/villalaguardiavecchia.it\/en\/privacy-and-cookies-policy\/#breadcrumb","itemListElement":[{"@type":"ListItem","position":1,"name":"Home","item":"https:\/\/villalaguardiavecchia.it\/"},{"@type":"ListItem","position":2,"name":"Privacy and Cookies Policy"}]}]}},"_links":{"self":[{"href":"https:\/\/villalaguardiavecchia.it\/en\/wp-json\/wp\/v2\/pages\/2845"}],"collection":[{"href":"https:\/\/villalaguardiavecchia.it\/en\/wp-json\/wp\/v2\/pages"}],"about":[{"href":"https:\/\/villalaguardiavecchia.it\/en\/wp-json\/wp\/v2\/types\/page"}],"author":[{"embeddable":true,"href":"https:\/\/villalaguardiavecchia.it\/en\/wp-json\/wp\/v2\/users\/1"}],"replies":[{"embeddable":true,"href":"https:\/\/villalaguardiavecchia.it\/en\/wp-json\/wp\/v2\/comments?post=2845"}],"version-history":[{"count":1,"href":"https:\/\/villalaguardiavecchia.it\/en\/wp-json\/wp\/v2\/pages\/2845\/revisions"}],"predecessor-version":[{"id":2846,"href":"https:\/\/villalaguardiavecchia.it\/en\/wp-json\/wp\/v2\/pages\/2845\/revisions\/2846"}],"wp:attachment":[{"href":"https:\/\/villalaguardiavecchia.it\/en\/wp-json\/wp\/v2\/media?parent=2845"}],"curies":[{"name":"wp","href":"https:\/\/api.w.org\/{rel}","templated":true}]}}